{"id":68,"date":"2022-03-24T14:37:43","date_gmt":"2022-03-24T14:37:43","guid":{"rendered":"https:\/\/intersica.simply-on.fr\/?page_id=68"},"modified":"2023-08-25T14:55:25","modified_gmt":"2023-08-25T12:55:25","slug":"nous-rejoindre","status":"publish","type":"page","link":"https:\/\/intersica.com\/es\/nous-rejoindre\/","title":{"rendered":"Unirse a nosotros"},"content":{"rendered":"<div data-elementor-type=\"wp-page\" data-elementor-id=\"68\" class=\"elementor elementor-68\" data-elementor-post-type=\"page\">\n\t\t\t\t\t\t<section class=\"elementor-section elementor-top-section elementor-element elementor-element-81268cb elementor-section-boxed elementor-section-height-default elementor-section-height-default\" data-id=\"81268cb\" data-element_type=\"section\" data-e-type=\"section\" data-settings=\"{&quot;background_background&quot;:&quot;classic&quot;}\">\n\t\t\t\t\t\t<div class=\"elementor-container elementor-column-gap-default\">\n\t\t\t\t\t<div class=\"elementor-column elementor-col-100 elementor-top-column elementor-element elementor-element-2c93b3b\" data-id=\"2c93b3b\" data-element_type=\"column\" data-e-type=\"column\">\n\t\t\t<div class=\"elementor-widget-wrap elementor-element-populated\">\n\t\t\t\t\t\t<div class=\"elementor-element elementor-element-2eb3b01 elementor-widget elementor-widget-heading\" data-id=\"2eb3b01\" data-element_type=\"widget\" data-e-type=\"widget\" data-widget_type=\"heading.default\">\n\t\t\t\t<div class=\"elementor-widget-container\">\n\t\t\t\t\t<h1 class=\"elementor-heading-title elementor-size-default\">Unirse a nosotros<\/h1>\t\t\t\t<\/div>\n\t\t\t\t<\/div>\n\t\t\t\t<div class=\"elementor-element elementor-element-6a82825 elementor-widget elementor-widget-text-editor\" data-id=\"6a82825\" data-element_type=\"widget\" data-e-type=\"widget\" data-widget_type=\"text-editor.default\">\n\t\t\t\t<div class=\"elementor-widget-container\">\n\t\t\t\t\t\t\t\t\t<p>Unirse a Intersica significa entrar a formar parte de una empresa a escala humana al tiempo que se beneficia de una red internacional.<\/p><p>Estamos deseando conocerle.<\/p>\t\t\t\t\t\t\t\t<\/div>\n\t\t\t\t<\/div>\n\t\t\t\t<div class=\"elementor-element elementor-element-3417972 emploi_full_list  elementor-widget elementor-widget-shortcode\" data-id=\"3417972\" data-element_type=\"widget\" data-e-type=\"widget\" data-widget_type=\"shortcode.default\">\n\t\t\t\t<div class=\"elementor-widget-container\">\n\t\t\t\t\t\t\t<div class=\"elementor-shortcode\"><section class=\"join_us_\">\n\t\t\t<div class=\"search_job\">\n\t\t\t\t<h4> Filtrar por categor\u00eda <\/h4>\n\t\t\t\t<div class=\"search_arg\">\n\t\t\t\t\t<form name=\"argument_search\" id=\"arg_search\" method=\"POST\" action=\"\">\n\t\t\t\t\t\t<select name=\"domain-activity\">\n\t\t\t\t\t\t\t<option value=\"-1\">\u00c1mbito de actividad<\/option><\/select>\n\t\t\t\t\t\t<select name=\"domain-speciality\">\n\t\t\t\t\t\t\t<option value=\"-1\">Especialidad<\/option><\/select>\n\t\t\t\t\t\t<input type=\"hidden\" name=\"add_job\" value=\"10\">\n\t\t\t\t\t\t<input type=\"submit\" id=\"more_job\">\n\t\t\t\t\t<input type=\"hidden\" name=\"trp-form-language\" value=\"es\"\/><\/form>\n\t\t\t\t<\/div>\n\t\t\t<\/div><div class=\"result_job\">\n\t\t\t\t<span class=\"nbr-job\">0 resultados <br><p class=\"job_not_found\">Ning\u00fan resultado correspondiente al criterio solicitado<\/p><\/span>\n\t\t\t\t<div class=\"job-active\"><\/div><\/div>\n\t\t<\/section><\/div>\n\t\t\t\t\t\t<\/div>\n\t\t\t\t<\/div>\n\t\t\t\t\t<\/div>\n\t\t<\/div>\n\t\t\t\t\t<\/div>\n\t\t<\/section>\n\t\t\t\t<\/div>","protected":false},"excerpt":{"rendered":"<p>\u00danase a nosotros Formar parte de la aventura de Intersica significa unirse a una empresa a escala humana y beneficiarse al mismo tiempo de una red internacional. Estamos deseando conocerle.<\/p>","protected":false},"author":1,"featured_media":0,"parent":0,"menu_order":0,"comment_status":"closed","ping_status":"closed","template":"","meta":{"_acf_changed":false,"footnotes":""},"class_list":["post-68","page","type-page","status-publish","hentry"],"acf":[],"yoast_head":"<!-- This site is optimized with the Yoast SEO plugin v27.4 - https:\/\/yoast.com\/product\/yoast-seo-wordpress\/ -->\n<title>Nous rejoindre - Intersica<\/title>\n<meta name=\"robots\" content=\"index, follow, max-snippet:-1, max-image-preview:large, max-video-preview:-1\" \/>\n<link rel=\"canonical\" href=\"https:\/\/intersica.com\/es\/nous-rejoindre\/\" \/>\n<meta property=\"og:locale\" content=\"es_ES\" \/>\n<meta property=\"og:type\" content=\"article\" \/>\n<meta property=\"og:title\" content=\"Nous rejoindre - Intersica\" \/>\n<meta property=\"og:description\" content=\"Nous rejoindre Faire part de l&rsquo;aventure Intersica, c&rsquo;est rejoindre une entreprise \u00e0 taille humaine tout en profitant d&rsquo;un maillage international. Nous avons d\u00e9j\u00e0 h\u00e2te de vous rencontrer.\" \/>\n<meta property=\"og:url\" content=\"https:\/\/intersica.com\/es\/nous-rejoindre\/\" \/>\n<meta property=\"og:site_name\" content=\"Intersica\" \/>\n<meta property=\"article:modified_time\" content=\"2023-08-25T12:55:25+00:00\" \/>\n<meta name=\"twitter:card\" content=\"summary_large_image\" \/>\n<script type=\"application\/ld+json\" class=\"yoast-schema-graph\">{\"@context\":\"https:\\\/\\\/schema.org\",\"@graph\":[{\"@type\":\"WebPage\",\"@id\":\"https:\\\/\\\/intersica.com\\\/nous-rejoindre\\\/\",\"url\":\"https:\\\/\\\/intersica.com\\\/nous-rejoindre\\\/\",\"name\":\"Nous rejoindre - Intersica\",\"isPartOf\":{\"@id\":\"https:\\\/\\\/intersica.com\\\/#website\"},\"datePublished\":\"2022-03-24T14:37:43+00:00\",\"dateModified\":\"2023-08-25T12:55:25+00:00\",\"breadcrumb\":{\"@id\":\"https:\\\/\\\/intersica.com\\\/nous-rejoindre\\\/#breadcrumb\"},\"inLanguage\":\"es\",\"potentialAction\":[{\"@type\":\"ReadAction\",\"target\":[\"https:\\\/\\\/intersica.com\\\/nous-rejoindre\\\/\"]}]},{\"@type\":\"BreadcrumbList\",\"@id\":\"https:\\\/\\\/intersica.com\\\/nous-rejoindre\\\/#breadcrumb\",\"itemListElement\":[{\"@type\":\"ListItem\",\"position\":1,\"name\":\"Accueil\",\"item\":\"https:\\\/\\\/intersica.com\\\/\"},{\"@type\":\"ListItem\",\"position\":2,\"name\":\"Nous rejoindre\"}]},{\"@type\":\"WebSite\",\"@id\":\"https:\\\/\\\/intersica.com\\\/#website\",\"url\":\"https:\\\/\\\/intersica.com\\\/\",\"name\":\"Intersica\",\"description\":\"\",\"publisher\":{\"@id\":\"https:\\\/\\\/intersica.com\\\/#organization\"},\"potentialAction\":[{\"@type\":\"SearchAction\",\"target\":{\"@type\":\"EntryPoint\",\"urlTemplate\":\"https:\\\/\\\/intersica.com\\\/?s={search_term_string}\"},\"query-input\":{\"@type\":\"PropertyValueSpecification\",\"valueRequired\":true,\"valueName\":\"search_term_string\"}}],\"inLanguage\":\"es\"},{\"@type\":\"Organization\",\"@id\":\"https:\\\/\\\/intersica.com\\\/#organization\",\"name\":\"Intersica\",\"url\":\"https:\\\/\\\/intersica.com\\\/\",\"logo\":{\"@type\":\"ImageObject\",\"inLanguage\":\"es\",\"@id\":\"https:\\\/\\\/intersica.com\\\/#\\\/schema\\\/logo\\\/image\\\/\",\"url\":\"https:\\\/\\\/intersica.com\\\/wp-content\\\/uploads\\\/2022\\\/03\\\/intersica-logo.png\",\"contentUrl\":\"https:\\\/\\\/intersica.com\\\/wp-content\\\/uploads\\\/2022\\\/03\\\/intersica-logo.png\",\"width\":413,\"height\":83,\"caption\":\"Intersica\"},\"image\":{\"@id\":\"https:\\\/\\\/intersica.com\\\/#\\\/schema\\\/logo\\\/image\\\/\"}}]}<\/script>\n<!-- \/ Yoast SEO plugin. -->","yoast_head_json":{"title":"Nous rejoindre - Intersica","robots":{"index":"index","follow":"follow","max-snippet":"max-snippet:-1","max-image-preview":"max-image-preview:large","max-video-preview":"max-video-preview:-1"},"canonical":"https:\/\/intersica.com\/es\/nous-rejoindre\/","og_locale":"es_ES","og_type":"article","og_title":"Nous rejoindre - Intersica","og_description":"Nous rejoindre Faire part de l&rsquo;aventure Intersica, c&rsquo;est rejoindre une entreprise \u00e0 taille humaine tout en profitant d&rsquo;un maillage international. Nous avons d\u00e9j\u00e0 h\u00e2te de vous rencontrer.","og_url":"https:\/\/intersica.com\/es\/nous-rejoindre\/","og_site_name":"Intersica","article_modified_time":"2023-08-25T12:55:25+00:00","twitter_card":"summary_large_image","schema":{"@context":"https:\/\/schema.org","@graph":[{"@type":"WebPage","@id":"https:\/\/intersica.com\/nous-rejoindre\/","url":"https:\/\/intersica.com\/nous-rejoindre\/","name":"Nous rejoindre - Intersica","isPartOf":{"@id":"https:\/\/intersica.com\/#website"},"datePublished":"2022-03-24T14:37:43+00:00","dateModified":"2023-08-25T12:55:25+00:00","breadcrumb":{"@id":"https:\/\/intersica.com\/nous-rejoindre\/#breadcrumb"},"inLanguage":"es","potentialAction":[{"@type":"ReadAction","target":["https:\/\/intersica.com\/nous-rejoindre\/"]}]},{"@type":"BreadcrumbList","@id":"https:\/\/intersica.com\/nous-rejoindre\/#breadcrumb","itemListElement":[{"@type":"ListItem","position":1,"name":"Accueil","item":"https:\/\/intersica.com\/"},{"@type":"ListItem","position":2,"name":"Nous rejoindre"}]},{"@type":"WebSite","@id":"https:\/\/intersica.com\/#website","url":"https:\/\/intersica.com\/","name":"Intersica","description":"","publisher":{"@id":"https:\/\/intersica.com\/#organization"},"potentialAction":[{"@type":"SearchAction","target":{"@type":"EntryPoint","urlTemplate":"https:\/\/intersica.com\/?s={search_term_string}"},"query-input":{"@type":"PropertyValueSpecification","valueRequired":true,"valueName":"search_term_string"}}],"inLanguage":"es"},{"@type":"Organization","@id":"https:\/\/intersica.com\/#organization","name":"Intersica","url":"https:\/\/intersica.com\/","logo":{"@type":"ImageObject","inLanguage":"es","@id":"https:\/\/intersica.com\/#\/schema\/logo\/image\/","url":"https:\/\/intersica.com\/wp-content\/uploads\/2022\/03\/intersica-logo.png","contentUrl":"https:\/\/intersica.com\/wp-content\/uploads\/2022\/03\/intersica-logo.png","width":413,"height":83,"caption":"Intersica"},"image":{"@id":"https:\/\/intersica.com\/#\/schema\/logo\/image\/"}}]}},"_links":{"self":[{"href":"https:\/\/intersica.com\/es\/wp-json\/wp\/v2\/pages\/68","targetHints":{"allow":["GET"]}}],"collection":[{"href":"https:\/\/intersica.com\/es\/wp-json\/wp\/v2\/pages"}],"about":[{"href":"https:\/\/intersica.com\/es\/wp-json\/wp\/v2\/types\/page"}],"author":[{"embeddable":true,"href":"https:\/\/intersica.com\/es\/wp-json\/wp\/v2\/users\/1"}],"replies":[{"embeddable":true,"href":"https:\/\/intersica.com\/es\/wp-json\/wp\/v2\/comments?post=68"}],"version-history":[{"count":3,"href":"https:\/\/intersica.com\/es\/wp-json\/wp\/v2\/pages\/68\/revisions"}],"predecessor-version":[{"id":5396,"href":"https:\/\/intersica.com\/es\/wp-json\/wp\/v2\/pages\/68\/revisions\/5396"}],"wp:attachment":[{"href":"https:\/\/intersica.com\/es\/wp-json\/wp\/v2\/media?parent=68"}],"curies":[{"name":"wp","href":"https:\/\/api.w.org\/{rel}","templated":true}]}}