{"id":5916,"date":"2025-01-19T10:19:31","date_gmt":"2025-01-19T09:19:31","guid":{"rendered":"https:\/\/intersica.com\/conditions-generales\/"},"modified":"2025-01-19T15:53:16","modified_gmt":"2025-01-19T14:53:16","slug":"conditions-generales","status":"publish","type":"page","link":"https:\/\/intersica.com\/es\/conditions-generales\/","title":{"rendered":"Condiciones generales"},"content":{"rendered":"<h2>Condiciones generales<\/h2>\n\n<!-- This legal document was generated by Complianz Terms &amp; Conditions https:\/\/wordpress.org\/plugins\/complianz-terms-conditions -->\n<div id=\"cmplz-document\" class=\"cmplz-document cmplz-terms-conditions\"><p><i>Los t\u00e9rminos y condiciones se actualizaron por \u00faltima vez el 19 de enero de 2025<\/i><\/p><h2>1. Introducci\u00f3n<\/h2><p>Estos T\u00e9rminos y condiciones se aplican a este sitio web y a las transacciones relacionadas con nuestros productos y servicios. Usted puede estar obligado por contratos adicionales relacionados con su relaci\u00f3n con nosotros o con cualquier producto o servicio que reciba de nosotros. Si alguna de las disposiciones de los contratos adicionales entra en conflicto con alguna de las disposiciones de estas Condiciones, prevalecer\u00e1n las disposiciones de estos contratos adicionales.<\/p><h2>2. Vinculaci\u00f3n<\/h2><p>Al registrarse en este sitio web, acceder a \u00e9l o utilizarlo de cualquier otro modo, usted acepta someterse a las condiciones que se exponen a continuaci\u00f3n. Mero uso de este sitio web implica el conocimiento y la aceptaci\u00f3n de estos T\u00e9rminos y condiciones. En algunos casos espec\u00edficos, podemos pedirle que los acepte expl\u00edcitamente.<\/p><h2>3. Comunicaci\u00f3n electr\u00f3nica <\/h2><p>Al utilizar este sitio web o comunicarse con nosotros por medios electr\u00f3nicos, usted acepta y reconoce que podemos comunicarnos con usted electr\u00f3nicamente en nuestro sitio web o enviarle un correo electr\u00f3nico, y acepta que todos los acuerdos, avisos, divulgaciones y otras comunicaciones que le proporcionemos electr\u00f3nicamente satisfacen cualquier requisito legal, incluido, entre otros, el requisito de que dichas comunicaciones sean por escrito.<\/p><h2>4. Propiedad intelectual <\/h2><p>Nosotros o nuestros licenciantes poseemos y controlamos todos los derechos de autor y otros derechos de propiedad intelectual en el sitio web, y los datos, la informaci\u00f3n y otros recursos mostrados por o accesibles dentro del sitio web.<\/p><p class=\"cmplz-subtitle\">4.1 Todos los derechos reservados <\/p><p>A menos que el contenido espec\u00edfico indique lo contrario, no se le concede una licencia ni ning\u00fan otro derecho en virtud de los derechos de autor, marcas comerciales, patentes u otros derechos de propiedad intelectual. Esto significa que usted no utilizar\u00e1, copiar\u00e1, reproducir\u00e1, ejecutar\u00e1, mostrar\u00e1, distribuir\u00e1, incrustar\u00e1 en cualquier medio electr\u00f3nico, alterar\u00e1, realizar\u00e1 ingenier\u00eda inversa, descompilar\u00e1, transferir\u00e1, descargar\u00e1, transmitir\u00e1, monetizar\u00e1, vender\u00e1, comercializar\u00e1 o har\u00e1 uso de cualquier recurso de este sitio web en cualquier forma, sin nuestro permiso previo por escrito, excepto y s\u00f3lo en la medida en que se estipule lo contrario en normas de leyes obligatorias (como el derecho de cita).<\/p><h2>5. Propiedad de terceros<\/h2><p>Nuestro sitio web puede contener enlaces u otras referencias a sitios web de terceros. No controlamos ni revisamos el contenido de los sitios web de terceros a los que se accede desde este sitio web. Los productos o servicios ofrecidos por otros sitios web estar\u00e1n sujetos a los T\u00e9rminos y Condiciones aplicables de esos terceros. Las opiniones expresadas o el material que aparece en esos sitios web no son necesariamente compartidas o respaldadas por nosotros.<\/p><p>No somos responsables de las pr\u00e1cticas de privacidad ni del contenido de estos sitios. Usted asume todos los riesgos asociados al uso de estos sitios web y de cualquier servicio relacionado de terceros. No aceptamos responsabilidad alguna por p\u00e9rdidas o da\u00f1os, cualquiera que sea su forma, derivados de la divulgaci\u00f3n por su parte de informaci\u00f3n personal a terceros.<\/p><h2>6. 6. Uso responsable<\/h2><p>Al visitar nuestro sitio web, usted se compromete a utilizarlo s\u00f3lo para los fines previstos y seg\u00fan lo permitido por estos T\u00e9rminos, cualquier contrato adicional con nosotros, y aplicables leyes, reglamentos y pr\u00e1cticas en l\u00ednea generalmente aceptadas y directrices de la industria. No debe utilizar nuestro sitio web o nuestros servicios para utilizar, publicar o distribuir cualquier material que consista en (o est\u00e9 vinculado a) software inform\u00e1tico malicioso; utilizar los datos recogidos en nuestro sitio web para cualquier actividad de marketing directo, o llevar a cabo cualquier actividad de recopilaci\u00f3n de datos sistem\u00e1tica o automatizada en o en relaci\u00f3n con nuestro sitio web.<\/p><p>Est\u00e1 estrictamente prohibido realizar cualquier actividad que provoque o pueda provocar da\u00f1os en el sitio web o que interfiera en su funcionamiento, disponibilidad o accesibilidad.<\/p><h2>7. Env\u00edo de ideas<\/h2><p>No enviamos ideas, inventarios, obras de autor o cualquier otra informaci\u00f3n que pueda considerarse propiedad intelectual nuestra y que nos gustar\u00eda presentar, a menos que hayamos firmado previamente un acuerdo con respecto a la propiedad intelectual o un acuerdo de no divulgaci\u00f3n.  Si nos lo comunica en ausencia de dicho acuerdo por escrito, nos concede una licencia mundial, irrevocable, no exclusiva y libre de derechos de autor para utilizar, reproducir, almacenar, adaptar, publicar, traducir y distribuir su contenido en cualquier medio existente o futuro.<\/p><h2>8. Fin de uso <\/h2><p>Podemos, a nuestra entera discreci\u00f3n, modificar o suspender el acceso al sitio web o a cualquiera de sus servicios en cualquier momento. Usted acepta que no seremos responsables ante usted ni ante terceros por cualquier modificaci\u00f3n, suspensi\u00f3n o interrupci\u00f3n de su acceso o uso del sitio web o de cualquier contenido que pueda haber sido publicado en el sitio web. Usted no tendr\u00e1 derecho a ninguna indemnizaci\u00f3n ni a ning\u00fan otro pago, o si pierde permanentemente determinadas funciones, configuraciones y\/o cualquier Contenido al que haya contribuido o que se le haya confiado. No deber\u00e1 eludir o evitar, ni intentar eludir o evitar, ninguna restricci\u00f3n de acceso a nuestro sitio web.<\/p><h2>9. Garant\u00edas y responsabilidad<\/h2><p>Nada de lo dispuesto en esta secci\u00f3n limitar\u00e1 o excluir\u00e1 cualquier garant\u00eda impl\u00edcita por ley que fuera ilegal limitar o excluir. Este sitio web y todo su contenido se proporcionan \"tal cual\" y \"seg\u00fan disponibilidad\" y pueden incluir inexactitudes o errores tipogr\u00e1ficos. Renunciamos expresamente a cualquier garant\u00eda de cualquier tipo, ya sea expresa o impl\u00edcita, en relaci\u00f3n con la disponibilidad, exactitud o integridad del Contenido.  No garantizamos que:<\/p><p><ul>\n                    <li>este sitio web o nuestros contenidos cumplir\u00e1n con sus necesidades;<\/li>\n                    <li>este sitio web estar\u00e1 disponible de forma ininterrumpida, oportuna, segura o sin errores.<\/li>\n        <\/ul><\/p><p>Nada de lo contenido en este sitio web constituye o pretende constituir un asesoramiento jur\u00eddico, financiero o m\u00e9dico de ning\u00fan tipo. Si necesita asesoramiento, debe consultar a un profesional adecuado.<\/p><p>Las siguientes disposiciones de esta secci\u00f3n se aplicar\u00e1n en la medida m\u00e1xima permitida por la ley aplicable y no limitar\u00e1n ni excluir\u00e1n nuestra responsabilidad con respecto a cualquier asunto que ser\u00eda il\u00edcito o ilegal para nosotros limitar o excluir nuestra responsabilidad.  En ning\u00fan caso seremos responsables de cualquier da\u00f1o directo o indirecto (incluyendo cualquier da\u00f1o por p\u00e9rdida de beneficios o ingresos, p\u00e9rdida o corrupci\u00f3n de datos, software o base de datos, o p\u00e9rdida o da\u00f1o a la propiedad o a los datos) incurridos por usted o por cualquier tercero, que surja de su acceso o uso de nuestro sitio web.<\/p><p>Salvo en la medida en que cualquier contrato adicional establezca expresamente lo contrario, nuestra responsabilidad m\u00e1xima hacia usted por todos los da\u00f1os que surjan o est\u00e9n relacionados con el sitio web o con cualquier producto o servicio comercializado o vendido a trav\u00e9s del sitio web, independientemente de la forma de acci\u00f3n legal que imponga la responsabilidad (ya sea por contrato, equidad, negligencia, conducta intencionada, incumplimiento de contrato o cualquier otra forma) se limitar\u00e1 al coste total que usted nos pag\u00f3 por adquirir dichos productos o servicios o por utilizar el sitio web. Este l\u00edmite se aplica conjuntamente a todas las reclamaciones, acciones y causas de acci\u00f3n de cualquier tipo y naturaleza.<\/p><h2>10. Privacidad<\/h2><p>Para acceder a nuestro sitio web y\/o servicios, es posible que se le pida que proporcione cierta informaci\u00f3n sobre usted como parte del proceso de registro. Usted es responsable de que toda la informaci\u00f3n que facilite sea siempre exacta, correcta y est\u00e9 actualizada.<\/p><p>Hemos desarrollado una pol\u00edtica para abordar cualquier preocupaci\u00f3n sobre la privacidad que pueda tener. Para m\u00e1s informaci\u00f3n, consulte nuestra <a href=\"https:\/\/intersica.com\/es\/politique-de-confidentialite\/\">Declaraci\u00f3n de confidencialidad<\/a> y nuestra <a href=\"https:\/\/intersica.com\/es\/gestions-des-cookies\/\">Pol\u00edtica de cookies<\/a>.<\/p><h2>11. Restricciones a la exportaci\u00f3n \/ Cumplimiento legal<\/h2><p>Se proh\u00edbe el acceso al sitio web desde territorios o pa\u00edses en los que el contenido o la compra de los productos o servicios vendidos en el sitio web sean ilegales.  No est\u00e1 permitido utilizar este sitio web infringiendo las leyes y normativas francesas en materia de exportaci\u00f3n.<\/p><h2>12. Asignaci\u00f3n<\/h2><p>Usted no puede ceder, transferir o subcontratar ninguno de sus derechos y\/u obligaciones en virtud de estos T\u00e9rminos y condiciones, en su totalidad o en parte, a ning\u00fan tercero sin nuestro consentimiento previo por escrito.&nbsp;Cualquier supuesta asignaci\u00f3n en violaci\u00f3n de esta secci\u00f3n ser\u00e1 nula y sin efecto.<\/p><h2>13. Incumplimientos de estos T\u00e9rminos y condiciones <\/h2><p>Sin perjuicio de los dem\u00e1s derechos que nos asisten en virtud de los presentes T\u00e9rminos y Condiciones, si usted incumple estos T\u00e9rminos y Condiciones de cualquier manera, podremos tomar las medidas que consideremos oportunas para hacer frente al incumplimiento, incluyendo la suspensi\u00f3n temporal o permanente de su acceso al sitio web, poni\u00e9ndonos en contacto con su proveedor de servicios de Internet para solicitarle que bloquee su acceso al sitio web, y\/o iniciar acciones legales contra usted.<\/p><h2>14. Compensaci\u00f3n<\/h2><p>Usted se compromete a indemnizarnos, defendernos y eximirnos de toda reclamaci\u00f3n, responsabilidad, da\u00f1os, p\u00e9rdidas y gastos, relacionados con la violaci\u00f3n de estas condiciones y de las leyes aplicables, incluidos los derechos de propiedad intelectual y los derechos de privacidad. Usted nos reembolsar\u00e1 sin demora los da\u00f1os, p\u00e9rdidas, costes y gastos relacionados con dichas reclamaciones o derivados de ellas.<\/p><h2>15. Renuncia <\/h2><p>El incumplimiento de cualquiera de las disposiciones establecidas en estos T\u00e9rminos y condiciones y en cualquier Acuerdo, o la falta de ejercicio de cualquier opci\u00f3n de interrupci\u00f3n, no se interpretar\u00e1 como una renuncia a dichas disposiciones y no afectar\u00e1 a la validez de estos T\u00e9rminos y Condiciones o de cualquier Acuerdo o cualquier parte del mismo, ni al derecho posterior de hacer cumplir todas y cada una de las disposiciones.<\/p><h2>16. Idioma<\/h2><p>Estos T\u00e9rminos y Condiciones se interpretar\u00e1n y analizar\u00e1n exclusivamente en Franc\u00e9s, Ingl\u00e9s y Espa\u00f1ol; castellano. Todas las notificaciones y correspondencia se enviar\u00e1n exclusivamente en este idioma. <\/p><h2>17. Acuerdo completo<\/h2><p>Estos t\u00e9rminos y condiciones, junto con nuestra <a href=\"https:\/\/intersica.com\/es\/politique-de-confidentialite\/\">declaraci\u00f3n de privacidad<\/a> y nuestra <a href=\"https:\/\/intersica.com\/es\/gestions-des-cookies\/\">pol\u00edtica de cookies<\/a>Estos t\u00e9rminos y condiciones constituyen el acuerdo completo entre Didier BOUTIN y usted en relaci\u00f3n con su uso de este sitio web.<\/p><h2>18. Actualizaci\u00f3n de los presentes T\u00e9rminos y Condiciones<\/h2><p>Es posible que actualicemos estos T\u00e9rminos y Condiciones de vez en cuando.  Es su obligaci\u00f3n revisar peri\u00f3dicamente estos T\u00e9rminos y Condiciones para ver si hay cambios o actualizaciones. La fecha indicada al principio de estos T\u00e9rminos y Condiciones Generales es la \u00faltima fecha de revisi\u00f3n. Las modificaciones de estos T\u00e9rminos y Condiciones entrar\u00e1n en vigor en el momento de su publicaci\u00f3n en este sitio web.  El uso continuado de este sitio web despu\u00e9s de la publicaci\u00f3n de cambios o actualizaciones se considerar\u00e1 como aceptaci\u00f3n de estos T\u00e9rminos y Condiciones como cumplidos y sujetos a los mismos.<\/p><h2>19. Elecci\u00f3n de ley y jurisdicci\u00f3n <\/h2><p>Estos T\u00e9rminos y Condiciones se regir\u00e1n por las leyes de Francia. Cualquier disputa relacionada con estos T\u00e9rminos y Condiciones estar\u00e1 sujeta a la jurisdicci\u00f3n de los tribunales de France.  Si un tribunal u otra autoridad considera que alguna parte o disposici\u00f3n de estos T\u00e9rminos y Condiciones es inv\u00e1lida y\/o inaplicable en virtud de la legislaci\u00f3n vigente, dicha parte o disposici\u00f3n ser\u00e1 modificada, eliminada y\/o aplicada en la mayor medida permitida para hacer efectiva la intenci\u00f3n de estos T\u00e9rminos y Condiciones.  Las dem\u00e1s disposiciones no se ver\u00e1n afectadas.<\/p><h2>20. Informaci\u00f3n de contacto<\/h2><p>Este sitio web es propiedad y est\u00e1 gestionado por Didier BOUTIN.<\/p><p>Puedes contactar con nosotros en relaci\u00f3n a estos t\u00e9rminos y condiciones escribi\u00e9ndonos o envi\u00e1ndonos un correo electr\u00f3nico a la siguiente direcci\u00f3n: &#099;on&#116;&#097;&#099;&#116;&#064;&#105;&#110;tersica&#046;&#099;&#111;&#109;<br>4 Rue Johannes Kepler, 64000 Pau<\/p><h2>21. Descargar<\/h2><p>Tambi\u00e9n puedes <a href=\"https:\/\/intersica.com\/wp-content\/plugins\/complianz-terms-conditions\/download.php\">descargar<\/a> nuestros t\u00e9rminos y condiciones como un PDF.<\/p><\/div>","protected":false},"excerpt":{"rendered":"<p>Condiciones generales<\/p>","protected":false},"author":6,"featured_media":0,"parent":0,"menu_order":0,"comment_status":"closed","ping_status":"closed","template":"","meta":{"_acf_changed":false,"footnotes":""},"class_list":["post-5916","page","type-page","status-publish","hentry"],"acf":[],"yoast_head":"<!-- This site is optimized with the Yoast SEO plugin v27.4 - https:\/\/yoast.com\/product\/yoast-seo-wordpress\/ -->\n<title>Conditions g\u00e9n\u00e9rales - Intersica<\/title>\n<meta name=\"robots\" content=\"index, follow, max-snippet:-1, max-image-preview:large, max-video-preview:-1\" \/>\n<link rel=\"canonical\" href=\"https:\/\/intersica.com\/es\/conditions-generales\/\" \/>\n<meta property=\"og:locale\" content=\"es_ES\" \/>\n<meta property=\"og:type\" content=\"article\" \/>\n<meta property=\"og:title\" content=\"Conditions g\u00e9n\u00e9rales - Intersica\" \/>\n<meta property=\"og:description\" content=\"Conditions g\u00e9n\u00e9rales\" \/>\n<meta property=\"og:url\" content=\"https:\/\/intersica.com\/es\/conditions-generales\/\" \/>\n<meta property=\"og:site_name\" content=\"Intersica\" \/>\n<meta property=\"article:modified_time\" content=\"2025-01-19T14:53:16+00:00\" \/>\n<meta name=\"twitter:card\" content=\"summary_large_image\" \/>\n<meta name=\"twitter:label1\" content=\"Tiempo de lectura\" \/>\n\t<meta name=\"twitter:data1\" content=\"1 minuto\" \/>\n<script type=\"application\/ld+json\" class=\"yoast-schema-graph\">{\"@context\":\"https:\\\/\\\/schema.org\",\"@graph\":[{\"@type\":\"WebPage\",\"@id\":\"https:\\\/\\\/intersica.com\\\/conditions-generales\\\/\",\"url\":\"https:\\\/\\\/intersica.com\\\/conditions-generales\\\/\",\"name\":\"Conditions g\u00e9n\u00e9rales - Intersica\",\"isPartOf\":{\"@id\":\"https:\\\/\\\/intersica.com\\\/#website\"},\"datePublished\":\"2025-01-19T09:19:31+00:00\",\"dateModified\":\"2025-01-19T14:53:16+00:00\",\"breadcrumb\":{\"@id\":\"https:\\\/\\\/intersica.com\\\/conditions-generales\\\/#breadcrumb\"},\"inLanguage\":\"es\",\"potentialAction\":[{\"@type\":\"ReadAction\",\"target\":[\"https:\\\/\\\/intersica.com\\\/conditions-generales\\\/\"]}]},{\"@type\":\"BreadcrumbList\",\"@id\":\"https:\\\/\\\/intersica.com\\\/conditions-generales\\\/#breadcrumb\",\"itemListElement\":[{\"@type\":\"ListItem\",\"position\":1,\"name\":\"Accueil\",\"item\":\"https:\\\/\\\/intersica.com\\\/\"},{\"@type\":\"ListItem\",\"position\":2,\"name\":\"Conditions g\u00e9n\u00e9rales\"}]},{\"@type\":\"WebSite\",\"@id\":\"https:\\\/\\\/intersica.com\\\/#website\",\"url\":\"https:\\\/\\\/intersica.com\\\/\",\"name\":\"Intersica\",\"description\":\"\",\"publisher\":{\"@id\":\"https:\\\/\\\/intersica.com\\\/#organization\"},\"potentialAction\":[{\"@type\":\"SearchAction\",\"target\":{\"@type\":\"EntryPoint\",\"urlTemplate\":\"https:\\\/\\\/intersica.com\\\/?s={search_term_string}\"},\"query-input\":{\"@type\":\"PropertyValueSpecification\",\"valueRequired\":true,\"valueName\":\"search_term_string\"}}],\"inLanguage\":\"es\"},{\"@type\":\"Organization\",\"@id\":\"https:\\\/\\\/intersica.com\\\/#organization\",\"name\":\"Intersica\",\"url\":\"https:\\\/\\\/intersica.com\\\/\",\"logo\":{\"@type\":\"ImageObject\",\"inLanguage\":\"es\",\"@id\":\"https:\\\/\\\/intersica.com\\\/#\\\/schema\\\/logo\\\/image\\\/\",\"url\":\"https:\\\/\\\/intersica.com\\\/wp-content\\\/uploads\\\/2022\\\/03\\\/intersica-logo.png\",\"contentUrl\":\"https:\\\/\\\/intersica.com\\\/wp-content\\\/uploads\\\/2022\\\/03\\\/intersica-logo.png\",\"width\":413,\"height\":83,\"caption\":\"Intersica\"},\"image\":{\"@id\":\"https:\\\/\\\/intersica.com\\\/#\\\/schema\\\/logo\\\/image\\\/\"}}]}<\/script>\n<!-- \/ Yoast SEO plugin. -->","yoast_head_json":{"title":"Conditions g\u00e9n\u00e9rales - Intersica","robots":{"index":"index","follow":"follow","max-snippet":"max-snippet:-1","max-image-preview":"max-image-preview:large","max-video-preview":"max-video-preview:-1"},"canonical":"https:\/\/intersica.com\/es\/conditions-generales\/","og_locale":"es_ES","og_type":"article","og_title":"Conditions g\u00e9n\u00e9rales - Intersica","og_description":"Conditions g\u00e9n\u00e9rales","og_url":"https:\/\/intersica.com\/es\/conditions-generales\/","og_site_name":"Intersica","article_modified_time":"2025-01-19T14:53:16+00:00","twitter_card":"summary_large_image","twitter_misc":{"Tiempo de lectura":"1 minuto"},"schema":{"@context":"https:\/\/schema.org","@graph":[{"@type":"WebPage","@id":"https:\/\/intersica.com\/conditions-generales\/","url":"https:\/\/intersica.com\/conditions-generales\/","name":"Conditions g\u00e9n\u00e9rales - Intersica","isPartOf":{"@id":"https:\/\/intersica.com\/#website"},"datePublished":"2025-01-19T09:19:31+00:00","dateModified":"2025-01-19T14:53:16+00:00","breadcrumb":{"@id":"https:\/\/intersica.com\/conditions-generales\/#breadcrumb"},"inLanguage":"es","potentialAction":[{"@type":"ReadAction","target":["https:\/\/intersica.com\/conditions-generales\/"]}]},{"@type":"BreadcrumbList","@id":"https:\/\/intersica.com\/conditions-generales\/#breadcrumb","itemListElement":[{"@type":"ListItem","position":1,"name":"Accueil","item":"https:\/\/intersica.com\/"},{"@type":"ListItem","position":2,"name":"Conditions g\u00e9n\u00e9rales"}]},{"@type":"WebSite","@id":"https:\/\/intersica.com\/#website","url":"https:\/\/intersica.com\/","name":"Intersica","description":"","publisher":{"@id":"https:\/\/intersica.com\/#organization"},"potentialAction":[{"@type":"SearchAction","target":{"@type":"EntryPoint","urlTemplate":"https:\/\/intersica.com\/?s={search_term_string}"},"query-input":{"@type":"PropertyValueSpecification","valueRequired":true,"valueName":"search_term_string"}}],"inLanguage":"es"},{"@type":"Organization","@id":"https:\/\/intersica.com\/#organization","name":"Intersica","url":"https:\/\/intersica.com\/","logo":{"@type":"ImageObject","inLanguage":"es","@id":"https:\/\/intersica.com\/#\/schema\/logo\/image\/","url":"https:\/\/intersica.com\/wp-content\/uploads\/2022\/03\/intersica-logo.png","contentUrl":"https:\/\/intersica.com\/wp-content\/uploads\/2022\/03\/intersica-logo.png","width":413,"height":83,"caption":"Intersica"},"image":{"@id":"https:\/\/intersica.com\/#\/schema\/logo\/image\/"}}]}},"_links":{"self":[{"href":"https:\/\/intersica.com\/es\/wp-json\/wp\/v2\/pages\/5916","targetHints":{"allow":["GET"]}}],"collection":[{"href":"https:\/\/intersica.com\/es\/wp-json\/wp\/v2\/pages"}],"about":[{"href":"https:\/\/intersica.com\/es\/wp-json\/wp\/v2\/types\/page"}],"author":[{"embeddable":true,"href":"https:\/\/intersica.com\/es\/wp-json\/wp\/v2\/users\/6"}],"replies":[{"embeddable":true,"href":"https:\/\/intersica.com\/es\/wp-json\/wp\/v2\/comments?post=5916"}],"version-history":[{"count":8,"href":"https:\/\/intersica.com\/es\/wp-json\/wp\/v2\/pages\/5916\/revisions"}],"predecessor-version":[{"id":5974,"href":"https:\/\/intersica.com\/es\/wp-json\/wp\/v2\/pages\/5916\/revisions\/5974"}],"wp:attachment":[{"href":"https:\/\/intersica.com\/es\/wp-json\/wp\/v2\/media?parent=5916"}],"curies":[{"name":"wp","href":"https:\/\/api.w.org\/{rel}","templated":true}]}}