{"id":2765,"date":"2022-05-13T07:04:10","date_gmt":"2022-05-13T07:04:10","guid":{"rendered":"https:\/\/intersica.simply-on.fr\/?page_id=2765"},"modified":"2026-03-02T08:10:31","modified_gmt":"2026-03-02T07:10:31","slug":"mention-legale","status":"publish","type":"page","link":"https:\/\/intersica.com\/en\/mention-legale\/","title":{"rendered":"Legal notice"},"content":{"rendered":"<div data-elementor-type=\"wp-page\" data-elementor-id=\"2765\" class=\"elementor elementor-2765\" data-elementor-post-type=\"page\">\n\t\t\t\t<div class=\"elementor-element elementor-element-9d4b63a e-flex e-con-boxed e-con e-parent\" data-id=\"9d4b63a\" data-element_type=\"container\" data-e-type=\"container\">\n\t\t\t\t\t<div class=\"e-con-inner\">\n\t\t\t\t<div class=\"elementor-element elementor-element-1a1f80a elementor-widget elementor-widget-text-editor\" data-id=\"1a1f80a\" data-element_type=\"widget\" data-e-type=\"widget\" data-widget_type=\"text-editor.default\">\n\t\t\t\t<div class=\"elementor-widget-container\">\n\t\t\t\t\t\t\t\t\t<p>\u00a0<\/p><p><strong>Terms of use<\/strong><\/p><p>\u00a0<\/p><p>Conform\u00e9ment aux dispositions de la loi n\u00b0 2004-575 du 21 juin 2004 pour la confiance en l\u2019\u00e9conomie num\u00e9rique, il est pr\u00e9cis\u00e9 aux utilisateurs du site INTERSICA l\u2019identit\u00e9 des diff\u00e9rents intervenants dans le cadre de sa r\u00e9alisation et de son suivi.<\/p><p>\u00a0<\/p><p><strong>Site editing<\/strong><\/p><p>This site, accessible at the URL intersica.com (the \"Site\"), is published by :<\/p><p>INTERSICA, soci\u00e9t\u00e9 par actions simplifi\u00e9e (SAS) au capital de 1500000 euros, inscrite au R.C.S. de PARIS sous le num\u00e9ro 331 310 755, dont le si\u00e8ge social est situ\u00e9 au 144 BOULEVARD HAUSSMANN 75008 PARIS, repr\u00e9sent\u00e9(e) par Didier BOUTIN d\u00fbment habilit\u00e9(e).<\/p><p>The publisher's individual VAT number is: FR49331310755.<\/p><p>\u00a0<\/p><p><strong>Hosting<\/strong><\/p><p>Le Site est h\u00e9berg\u00e9 par la soci\u00e9t\u00e9 OVH SAS, situ\u00e9 2 rue Kellermann \u2013 BP 80157 \u2013 59053 Roubaix Cedex 1, num\u00e9ro de t\u00e9l\u00e9phone : 1007.<\/p><p>\u00a0<\/p><p><strong>Publishing Director<\/strong><\/p><p>Le Directeur de la publication du Site est Didier BOUTIN, Pr\u00e9sident.<\/p><p>\u00a0<\/p><p><strong>Contact us<\/strong><\/p><p>Par t\u00e9l\u00e9phone : +33559144880<\/p><p>Par email : contact@intersica.com<\/p><p>Par courrier : 144 Boulevard Haussmann, 75008 Paris<\/p><p>\u00a0<\/p><p><strong>Responsabilit\u00e9<\/strong><\/p><p>L\u2019ensemble des informations accessibles via ce site sont fournies en l\u2019\u00e9tat et la soci\u00e9t\u00e9 INTERSICA se r\u00e9serve le droit de modifier \u00e0 tout moment les pr\u00e9sentes, notamment en actualisant son site.<\/p><p>INTERSICA ne pourra \u00eatre responsable de quelque dommage que ce soit tant direct qu\u2019indirect, r\u00e9sultant d\u2019une information contenue sur ce site.<\/p><p>L\u2019utilisateur reconna\u00eet avoir pris connaissance de la pr\u00e9sente notice l\u00e9gale et s\u2019engage \u00e0 la respecter. L\u2019utilisateur s\u2019engage \u00e0 ne transmettre sur ce site aucune information pouvant entra\u00eener une responsabilit\u00e9 civile ou p\u00e9nale et s\u2019engage \u00e0 ne pas divulguer via ce site des informations ill\u00e9gales, contraires \u00e0 l\u2019ordre public ou diffamatoires.<\/p><p>INTERSICA met tout en \u0153uvre pour offrir aux utilisateurs des informations et\/ou des outils disponibles et v\u00e9rifi\u00e9s, mais ne saurait \u00eatre tenu pour responsable en cas d\u2019erreur ou d\u2019indisponibilit\u00e9 du site et\/ou de virus sur le site. Toute cr\u00e9ation de liens hypertextes vers le site intersica.com est soumise \u00e0 l\u2019accord pr\u00e9alable et \u00e9crit de la soci\u00e9t\u00e9 INTERSICA.<\/p><p>\u00a0<\/p><p><strong>Propri\u00e9t\u00e9 intellectuelle<\/strong><\/p><p>L&rsquo;ensemble des contenus disponibles sur ce site, y compris, mais sans s&rsquo;y limiter, les textes, images, noms de domaine graphiques, logos, vid\u00e9os, sons, marques, et bases de donn\u00e9es, est la propri\u00e9t\u00e9 exclusive de Soci\u00e9t\u00e9 INTERSICA et de ses partenaires et est prot\u00e9g\u00e9 par le droit d&rsquo;auteur, le droit des marques et autres lois applicables en mati\u00e8re de propri\u00e9t\u00e9 intellectuelle.<\/p><p>Toute reproduction, repr\u00e9sentation, modification, publication, transmission ou adaptation, int\u00e9grale ou partielle, de ces \u00e9l\u00e9ments, sans l&rsquo;autorisation \u00e9crite pr\u00e9alable de la Soci\u00e9t\u00e9 INTERSICA, est strictement interdite, sauf exceptions pr\u00e9vues par la loi.<\/p><p>La soci\u00e9t\u00e9 INTERSICA se r\u00e9serve le droit de modifier le contenu de la pr\u00e9sente notice l\u00e9gale \u00e0 tout moment et sans pr\u00e9avis.<\/p><p>Version en vigueur le 02\/03\/2026<\/p><p>\u00a0<\/p>\t\t\t\t\t\t\t\t<\/div>\n\t\t\t\t<\/div>\n\t\t\t\t\t<\/div>\n\t\t\t\t<\/div>\n\t\t\t\t<\/div>","protected":false},"excerpt":{"rendered":"<p>\u00a0 Mentions l\u00e9gales \u00a0 Conform\u00e9ment aux dispositions de la loi n\u00b0 2004-575 du 21 juin 2004 pour la confiance en l\u2019\u00e9conomie num\u00e9rique, il est pr\u00e9cis\u00e9 aux utilisateurs du site INTERSICA l\u2019identit\u00e9 des diff\u00e9rents intervenants dans le cadre de sa r\u00e9alisation et de son suivi. \u00a0 Edition du site Le pr\u00e9sent site, accessible \u00e0 l\u2019URL intersica.com [&hellip;]<\/p>\n","protected":false},"author":1,"featured_media":0,"parent":0,"menu_order":0,"comment_status":"closed","ping_status":"closed","template":"","meta":{"_acf_changed":false,"footnotes":""},"class_list":["post-2765","page","type-page","status-publish","hentry"],"acf":[],"yoast_head":"<!-- This site is optimized with the Yoast SEO plugin v27.4 - https:\/\/yoast.com\/product\/yoast-seo-wordpress\/ -->\n<title>Mention l\u00e9gale - Intersica<\/title>\n<meta name=\"robots\" content=\"index, follow, max-snippet:-1, max-image-preview:large, max-video-preview:-1\" \/>\n<link rel=\"canonical\" href=\"https:\/\/intersica.com\/en\/mention-legale\/\" \/>\n<meta property=\"og:locale\" content=\"en_US\" \/>\n<meta property=\"og:type\" content=\"article\" \/>\n<meta property=\"og:title\" content=\"Mention l\u00e9gale - Intersica\" \/>\n<meta property=\"og:description\" content=\"\u00a0 Mentions l\u00e9gales \u00a0 Conform\u00e9ment aux dispositions de la loi n\u00b0 2004-575 du 21 juin 2004 pour la confiance en l\u2019\u00e9conomie num\u00e9rique, il est pr\u00e9cis\u00e9 aux utilisateurs du site INTERSICA l\u2019identit\u00e9 des diff\u00e9rents intervenants dans le cadre de sa r\u00e9alisation et de son suivi. \u00a0 Edition du site Le pr\u00e9sent site, accessible \u00e0 l\u2019URL intersica.com [&hellip;]\" \/>\n<meta property=\"og:url\" content=\"https:\/\/intersica.com\/en\/mention-legale\/\" \/>\n<meta property=\"og:site_name\" content=\"Intersica\" \/>\n<meta property=\"article:modified_time\" content=\"2026-03-02T07:10:31+00:00\" \/>\n<meta name=\"twitter:card\" content=\"summary_large_image\" \/>\n<meta name=\"twitter:label1\" content=\"Est. reading time\" \/>\n\t<meta name=\"twitter:data1\" content=\"3 minutes\" \/>\n<script type=\"application\/ld+json\" class=\"yoast-schema-graph\">{\"@context\":\"https:\\\/\\\/schema.org\",\"@graph\":[{\"@type\":\"WebPage\",\"@id\":\"https:\\\/\\\/intersica.com\\\/mention-legale\\\/\",\"url\":\"https:\\\/\\\/intersica.com\\\/mention-legale\\\/\",\"name\":\"Mention l\u00e9gale - Intersica\",\"isPartOf\":{\"@id\":\"https:\\\/\\\/intersica.com\\\/#website\"},\"datePublished\":\"2022-05-13T07:04:10+00:00\",\"dateModified\":\"2026-03-02T07:10:31+00:00\",\"breadcrumb\":{\"@id\":\"https:\\\/\\\/intersica.com\\\/mention-legale\\\/#breadcrumb\"},\"inLanguage\":\"en-US\",\"potentialAction\":[{\"@type\":\"ReadAction\",\"target\":[\"https:\\\/\\\/intersica.com\\\/mention-legale\\\/\"]}]},{\"@type\":\"BreadcrumbList\",\"@id\":\"https:\\\/\\\/intersica.com\\\/mention-legale\\\/#breadcrumb\",\"itemListElement\":[{\"@type\":\"ListItem\",\"position\":1,\"name\":\"Accueil\",\"item\":\"https:\\\/\\\/intersica.com\\\/\"},{\"@type\":\"ListItem\",\"position\":2,\"name\":\"Mention l\u00e9gale\"}]},{\"@type\":\"WebSite\",\"@id\":\"https:\\\/\\\/intersica.com\\\/#website\",\"url\":\"https:\\\/\\\/intersica.com\\\/\",\"name\":\"Intersica\",\"description\":\"\",\"publisher\":{\"@id\":\"https:\\\/\\\/intersica.com\\\/#organization\"},\"potentialAction\":[{\"@type\":\"SearchAction\",\"target\":{\"@type\":\"EntryPoint\",\"urlTemplate\":\"https:\\\/\\\/intersica.com\\\/?s={search_term_string}\"},\"query-input\":{\"@type\":\"PropertyValueSpecification\",\"valueRequired\":true,\"valueName\":\"search_term_string\"}}],\"inLanguage\":\"en-US\"},{\"@type\":\"Organization\",\"@id\":\"https:\\\/\\\/intersica.com\\\/#organization\",\"name\":\"Intersica\",\"url\":\"https:\\\/\\\/intersica.com\\\/\",\"logo\":{\"@type\":\"ImageObject\",\"inLanguage\":\"en-US\",\"@id\":\"https:\\\/\\\/intersica.com\\\/#\\\/schema\\\/logo\\\/image\\\/\",\"url\":\"https:\\\/\\\/intersica.com\\\/wp-content\\\/uploads\\\/2022\\\/03\\\/intersica-logo.png\",\"contentUrl\":\"https:\\\/\\\/intersica.com\\\/wp-content\\\/uploads\\\/2022\\\/03\\\/intersica-logo.png\",\"width\":413,\"height\":83,\"caption\":\"Intersica\"},\"image\":{\"@id\":\"https:\\\/\\\/intersica.com\\\/#\\\/schema\\\/logo\\\/image\\\/\"}}]}<\/script>\n<!-- \/ Yoast SEO plugin. -->","yoast_head_json":{"title":"Mention l\u00e9gale - Intersica","robots":{"index":"index","follow":"follow","max-snippet":"max-snippet:-1","max-image-preview":"max-image-preview:large","max-video-preview":"max-video-preview:-1"},"canonical":"https:\/\/intersica.com\/en\/mention-legale\/","og_locale":"en_US","og_type":"article","og_title":"Mention l\u00e9gale - Intersica","og_description":"\u00a0 Mentions l\u00e9gales \u00a0 Conform\u00e9ment aux dispositions de la loi n\u00b0 2004-575 du 21 juin 2004 pour la confiance en l\u2019\u00e9conomie num\u00e9rique, il est pr\u00e9cis\u00e9 aux utilisateurs du site INTERSICA l\u2019identit\u00e9 des diff\u00e9rents intervenants dans le cadre de sa r\u00e9alisation et de son suivi. \u00a0 Edition du site Le pr\u00e9sent site, accessible \u00e0 l\u2019URL intersica.com [&hellip;]","og_url":"https:\/\/intersica.com\/en\/mention-legale\/","og_site_name":"Intersica","article_modified_time":"2026-03-02T07:10:31+00:00","twitter_card":"summary_large_image","twitter_misc":{"Est. reading time":"3 minutes"},"schema":{"@context":"https:\/\/schema.org","@graph":[{"@type":"WebPage","@id":"https:\/\/intersica.com\/mention-legale\/","url":"https:\/\/intersica.com\/mention-legale\/","name":"Mention l\u00e9gale - Intersica","isPartOf":{"@id":"https:\/\/intersica.com\/#website"},"datePublished":"2022-05-13T07:04:10+00:00","dateModified":"2026-03-02T07:10:31+00:00","breadcrumb":{"@id":"https:\/\/intersica.com\/mention-legale\/#breadcrumb"},"inLanguage":"en-US","potentialAction":[{"@type":"ReadAction","target":["https:\/\/intersica.com\/mention-legale\/"]}]},{"@type":"BreadcrumbList","@id":"https:\/\/intersica.com\/mention-legale\/#breadcrumb","itemListElement":[{"@type":"ListItem","position":1,"name":"Accueil","item":"https:\/\/intersica.com\/"},{"@type":"ListItem","position":2,"name":"Mention l\u00e9gale"}]},{"@type":"WebSite","@id":"https:\/\/intersica.com\/#website","url":"https:\/\/intersica.com\/","name":"Intersica","description":"","publisher":{"@id":"https:\/\/intersica.com\/#organization"},"potentialAction":[{"@type":"SearchAction","target":{"@type":"EntryPoint","urlTemplate":"https:\/\/intersica.com\/?s={search_term_string}"},"query-input":{"@type":"PropertyValueSpecification","valueRequired":true,"valueName":"search_term_string"}}],"inLanguage":"en-US"},{"@type":"Organization","@id":"https:\/\/intersica.com\/#organization","name":"Intersica","url":"https:\/\/intersica.com\/","logo":{"@type":"ImageObject","inLanguage":"en-US","@id":"https:\/\/intersica.com\/#\/schema\/logo\/image\/","url":"https:\/\/intersica.com\/wp-content\/uploads\/2022\/03\/intersica-logo.png","contentUrl":"https:\/\/intersica.com\/wp-content\/uploads\/2022\/03\/intersica-logo.png","width":413,"height":83,"caption":"Intersica"},"image":{"@id":"https:\/\/intersica.com\/#\/schema\/logo\/image\/"}}]}},"_links":{"self":[{"href":"https:\/\/intersica.com\/en\/wp-json\/wp\/v2\/pages\/2765","targetHints":{"allow":["GET"]}}],"collection":[{"href":"https:\/\/intersica.com\/en\/wp-json\/wp\/v2\/pages"}],"about":[{"href":"https:\/\/intersica.com\/en\/wp-json\/wp\/v2\/types\/page"}],"author":[{"embeddable":true,"href":"https:\/\/intersica.com\/en\/wp-json\/wp\/v2\/users\/1"}],"replies":[{"embeddable":true,"href":"https:\/\/intersica.com\/en\/wp-json\/wp\/v2\/comments?post=2765"}],"version-history":[{"count":21,"href":"https:\/\/intersica.com\/en\/wp-json\/wp\/v2\/pages\/2765\/revisions"}],"predecessor-version":[{"id":6237,"href":"https:\/\/intersica.com\/en\/wp-json\/wp\/v2\/pages\/2765\/revisions\/6237"}],"wp:attachment":[{"href":"https:\/\/intersica.com\/en\/wp-json\/wp\/v2\/media?parent=2765"}],"curies":[{"name":"wp","href":"https:\/\/api.w.org\/{rel}","templated":true}]}}